{"id":13,"date":"2018-03-12T09:03:33","date_gmt":"2018-03-12T09:03:33","guid":{"rendered":"https:\/\/latelier-dumarais.fr\/?page_id=13"},"modified":"2021-05-18T10:21:00","modified_gmt":"2021-05-18T10:21:00","slug":"agencement","status":"publish","type":"page","link":"https:\/\/latelier-dumarais.fr\/index.php\/agencement\/","title":{"rendered":"Agencement"},"content":{"rendered":"<div id=\"pl-13\"  class=\"panel-layout\" >\n<div id=\"pg-13-0\"  class=\"panel-grid panel-no-style\"  data-style=\"{&quot;background_image_attachment&quot;:false,&quot;background_display&quot;:&quot;tile&quot;,&quot;cell_alignment&quot;:&quot;flex-start&quot;}\"  data-ratio=\"1\"  data-ratio-direction=\"right\" >\n<div id=\"pgc-13-0-0\"  class=\"panel-grid-cell\"  data-weight=\"1\" >\n<div id=\"panel-13-0-0-0\" class=\"so-panel widget widget_sow-editor panel-first-child panel-last-child\" data-index=\"0\" data-style=\"{&quot;background_image_attachment&quot;:false,&quot;background_display&quot;:&quot;tile&quot;}\" >\n<div class=\"so-widget-sow-editor so-widget-sow-editor-base\">\n<div class=\"siteorigin-widget-tinymce textwidget\">\n\t    <div class=\"smblog_masonry_numcol\">\n        <div class=\"sm-grid sm-effect\" id=\"sm-grid-layout\">\n\n            \n                                    <div class=\"grid-sm-boxes-in post-1325\">\n                        <div class=\"grid-sm-border\">\n\n                            <a href=\"https:\/\/latelier-dumarais.fr\/index.php\/2022\/01\/15\/realisation-dun-meuble-sous-escalier\/\"><img decoding=\"async\" class=\"img-responsive\" src=\"https:\/\/latelier-dumarais.fr\/wp-content\/uploads\/2022\/01\/atelier-du-marais-meuble-escalier.jpg\"><\/a>\n                            \n                                                            <div class=\"sm-grid-boxes-caption\">\n                                    <div class=\"sm-post-title\"><a href=\"https:\/\/latelier-dumarais.fr\/index.php\/2022\/01\/15\/realisation-dun-meuble-sous-escalier\/\">R\u00e9alisation d\u2019un meuble sous escalier<\/a><\/div>\n                                    <div class=\"sm-list-inline sm-grid-boxes-news\">\n                                        <div class=\"sm-meta\">\n                                            <span class=\"sm-meta-part\">\n                                                                                                <span class=\"sm-meta-date\"> <i class=\"sm-icon-date\">\n                                                    <\/i><a href=\"https:\/\/latelier-dumarais.fr\/index.php\/2022\/01\/15\/\">janvier 15, 2022<\/a> <\/span>\n                                                                                            <\/span>\n                                        <\/div>\n                                    <\/div>\n                                    <div class=\"sm-grid-boxes-quote\">\n                                        <\/p>R\u00e9alisation d\u2019un meuble sous escalier, ensemble r\u00e9alis\u00e9 en m\u00e9dium structur\u00e9 laqu\u00e9 avec niche ouverte stratifi\u00e9 ton bois et filtre bois\u2026<\/p>                                    <\/div>\n                                <\/div>\n                            \n                        <\/div>\n                    <\/div>\n\n                            \n                                    <div class=\"grid-sm-boxes-in post-1323\">\n                        <div class=\"grid-sm-border\">\n\n                            <a href=\"https:\/\/latelier-dumarais.fr\/index.php\/2022\/01\/15\/realisation-dune-bibliotheque\/\"><img decoding=\"async\" class=\"img-responsive\" src=\"https:\/\/latelier-dumarais.fr\/wp-content\/uploads\/2022\/01\/Biblmiotheque-latelier-du-marais.jpg\"><\/a>\n                            \n                                                            <div class=\"sm-grid-boxes-caption\">\n                                    <div class=\"sm-post-title\"><a href=\"https:\/\/latelier-dumarais.fr\/index.php\/2022\/01\/15\/realisation-dune-bibliotheque\/\">R\u00e9alisation d\u2019une biblioth\u00e8que<\/a><\/div>\n                                    <div class=\"sm-list-inline sm-grid-boxes-news\">\n                                        <div class=\"sm-meta\">\n                                            <span class=\"sm-meta-part\">\n                                                                                                <span class=\"sm-meta-date\"> <i class=\"sm-icon-date\">\n                                                    <\/i><a href=\"https:\/\/latelier-dumarais.fr\/index.php\/2022\/01\/15\/\">janvier 15, 2022<\/a> <\/span>\n                                                                                            <\/span>\n                                        <\/div>\n                                    <\/div>\n                                    <div class=\"sm-grid-boxes-quote\">\n                                        <\/p>R\u00e9alisation d\u2019une biblioth\u00e8que laqu\u00e9 avec portes et tiroirs, bandeau avec emplacement pour \u00e9cran cinema \u00e9lectrique <\/p>                                    <\/div>\n                                <\/div>\n                            \n                        <\/div>\n                    <\/div>\n\n                            \n                                    <div class=\"grid-sm-boxes-in post-1321\">\n                        <div class=\"grid-sm-border\">\n\n                            <a href=\"https:\/\/latelier-dumarais.fr\/index.php\/2022\/01\/15\/realisation-dun-meuble-salon-tele\/\"><img decoding=\"async\" class=\"img-responsive\" src=\"https:\/\/latelier-dumarais.fr\/wp-content\/uploads\/2022\/01\/meuble-tv-neuville-sur-sarthe.jpg\"><\/a>\n                            \n                                                            <div class=\"sm-grid-boxes-caption\">\n                                    <div class=\"sm-post-title\"><a href=\"https:\/\/latelier-dumarais.fr\/index.php\/2022\/01\/15\/realisation-dun-meuble-salon-tele\/\">R\u00e9alisation d\u2019un meuble salon t\u00e9l\u00e9<\/a><\/div>\n                                    <div class=\"sm-list-inline sm-grid-boxes-news\">\n                                        <div class=\"sm-meta\">\n                                            <span class=\"sm-meta-part\">\n                                                                                                <span class=\"sm-meta-date\"> <i class=\"sm-icon-date\">\n                                                    <\/i><a href=\"https:\/\/latelier-dumarais.fr\/index.php\/2022\/01\/15\/\">janvier 15, 2022<\/a> <\/span>\n                                                                                            <\/span>\n                                        <\/div>\n                                    <\/div>\n                                    <div class=\"sm-grid-boxes-quote\">\n                                        <\/p>R\u00e9alisation d\u2019un meuble salon t\u00e9l\u00e9, ensemble avec niche et filtre bois h\u00eatre massif et portes laqu\u00e9 blanc avec incrustation d\u2019un\u2026<\/p>                                    <\/div>\n                                <\/div>\n                            \n                        <\/div>\n                    <\/div>\n\n                            \n                                    <div class=\"grid-sm-boxes-in post-1319\">\n                        <div class=\"grid-sm-border\">\n\n                            <a href=\"https:\/\/latelier-dumarais.fr\/index.php\/2022\/01\/15\/realisation-de-meuble-deco\/\"><img decoding=\"async\" class=\"img-responsive\" src=\"https:\/\/latelier-dumarais.fr\/wp-content\/uploads\/2022\/01\/Menuiserie-neuville-sur-sarthe.jpg\"><\/a>\n                            \n                                                            <div class=\"sm-grid-boxes-caption\">\n                                    <div class=\"sm-post-title\"><a href=\"https:\/\/latelier-dumarais.fr\/index.php\/2022\/01\/15\/realisation-de-meuble-deco\/\">R\u00e9alisation de meuble d\u00e9co<\/a><\/div>\n                                    <div class=\"sm-list-inline sm-grid-boxes-news\">\n                                        <div class=\"sm-meta\">\n                                            <span class=\"sm-meta-part\">\n                                                                                                <span class=\"sm-meta-date\"> <i class=\"sm-icon-date\">\n                                                    <\/i><a href=\"https:\/\/latelier-dumarais.fr\/index.php\/2022\/01\/15\/\">janvier 15, 2022<\/a> <\/span>\n                                                                                            <\/span>\n                                        <\/div>\n                                    <\/div>\n                                    <div class=\"sm-grid-boxes-quote\">\n                                        <\/p>R\u00e9alisation de meuble d\u00e9co porte m\u00e9dium plaque ch\u00eane massif avec parement d\u00e9co ch\u00eane, ossature meuble stratifi\u00e9 ton bois ou noir,\u2026<\/p>                                    <\/div>\n                                <\/div>\n                            \n                        <\/div>\n                    <\/div>\n\n                            \n                                    <div class=\"grid-sm-boxes-in post-1257\">\n                        <div class=\"grid-sm-border\">\n\n                            <a href=\"https:\/\/latelier-dumarais.fr\/index.php\/2021\/06\/11\/pose-dun-parquet-haro\/\"><img decoding=\"async\" class=\"img-responsive\" src=\"https:\/\/latelier-dumarais.fr\/wp-content\/uploads\/2021\/06\/parquet-neuville.jpg\"><\/a>\n                            \n                                                            <div class=\"sm-grid-boxes-caption\">\n                                    <div class=\"sm-post-title\"><a href=\"https:\/\/latelier-dumarais.fr\/index.php\/2021\/06\/11\/pose-dun-parquet-haro\/\">Pose d&rsquo;un parquet Haro<\/a><\/div>\n                                    <div class=\"sm-list-inline sm-grid-boxes-news\">\n                                        <div class=\"sm-meta\">\n                                            <span class=\"sm-meta-part\">\n                                                                                                <span class=\"sm-meta-date\"> <i class=\"sm-icon-date\">\n                                                    <\/i><a href=\"https:\/\/latelier-dumarais.fr\/index.php\/2021\/06\/11\/\">juin 11, 2021<\/a> <\/span>\n                                                                                            <\/span>\n                                        <\/div>\n                                    <\/div>\n                                    <div class=\"sm-grid-boxes-quote\">\n                                        <\/p>Ch\u00eane massif contre coll\u00e9, lame 240mm de large  &nbsp;<\/p>                                    <\/div>\n                                <\/div>\n                            \n                        <\/div>\n                    <\/div>\n\n                            \n                                    <div class=\"grid-sm-boxes-in post-1083\">\n                        <div class=\"grid-sm-border\">\n\n                            <a href=\"https:\/\/latelier-dumarais.fr\/index.php\/2021\/05\/17\/agencement-sous-escalier-2\/\"><img decoding=\"async\" class=\"img-responsive\" src=\"https:\/\/latelier-dumarais.fr\/wp-content\/uploads\/2021\/05\/agencement-sous-escalier.jpeg\"><\/a>\n                            \n                                                            <div class=\"sm-grid-boxes-caption\">\n                                    <div class=\"sm-post-title\"><a href=\"https:\/\/latelier-dumarais.fr\/index.php\/2021\/05\/17\/agencement-sous-escalier-2\/\">Agencement sous escalier<\/a><\/div>\n                                    <div class=\"sm-list-inline sm-grid-boxes-news\">\n                                        <div class=\"sm-meta\">\n                                            <span class=\"sm-meta-part\">\n                                                                                                <span class=\"sm-meta-date\"> <i class=\"sm-icon-date\">\n                                                    <\/i><a href=\"https:\/\/latelier-dumarais.fr\/index.php\/2021\/05\/17\/\">mai 17, 2021<\/a> <\/span>\n                                                                                            <\/span>\n                                        <\/div>\n                                    <\/div>\n                                    <div class=\"sm-grid-boxes-quote\">\n                                        <\/p>Ensemble r\u00e9alis\u00e9 en ch\u00eane massif huil\u00e9 pour le plateau et et la niche et devanture en meduim plaqu\u00e9 blanc noir\u2026<\/p>                                    <\/div>\n                                <\/div>\n                            \n                        <\/div>\n                    <\/div>\n\n                            \n        <\/div>\n            <nav class='sm-pagination'><span aria-current=\"page\" class=\"page-numbers current\">1<\/span>\n<a class=\"page-numbers\" href=\"https:\/\/latelier-dumarais.fr\/index.php\/wp-json\/wp\/v2\/pages\/13\/page\/2\">2<\/a>\n<a class=\"page-numbers\" href=\"https:\/\/latelier-dumarais.fr\/index.php\/wp-json\/wp\/v2\/pages\/13\/page\/3\">3<\/a>\n<span class=\"page-numbers dots\">\u2026<\/span>\n<a class=\"page-numbers\" href=\"https:\/\/latelier-dumarais.fr\/index.php\/wp-json\/wp\/v2\/pages\/13\/page\/7\">7<\/a>\n<a class=\"next page-numbers\" href=\"https:\/\/latelier-dumarais.fr\/index.php\/wp-json\/wp\/v2\/pages\/13\/page\/2\"><i class=\"fa fa-chevron-right\"><\/i><\/a><\/nav>    <\/div>\n<\/div>\n<\/div>\n<\/div>\n<\/div>\n<\/div>\n<\/div>\n","protected":false},"excerpt":{"rendered":"","protected":false},"author":1,"featured_media":0,"parent":0,"menu_order":0,"comment_status":"closed","ping_status":"closed","template":"","meta":{"_exactmetrics_skip_tracking":false,"_exactmetrics_sitenote_active":false,"_exactmetrics_sitenote_note":"","_exactmetrics_sitenote_category":0,"footnotes":""},"class_list":["post-13","page","type-page","status-publish","czr-hentry"],"_links":{"self":[{"href":"https:\/\/latelier-dumarais.fr\/index.php\/wp-json\/wp\/v2\/pages\/13","targetHints":{"allow":["GET"]}}],"collection":[{"href":"https:\/\/latelier-dumarais.fr\/index.php\/wp-json\/wp\/v2\/pages"}],"about":[{"href":"https:\/\/latelier-dumarais.fr\/index.php\/wp-json\/wp\/v2\/types\/page"}],"author":[{"embeddable":true,"href":"https:\/\/latelier-dumarais.fr\/index.php\/wp-json\/wp\/v2\/users\/1"}],"replies":[{"embeddable":true,"href":"https:\/\/latelier-dumarais.fr\/index.php\/wp-json\/wp\/v2\/comments?post=13"}],"version-history":[{"count":2,"href":"https:\/\/latelier-dumarais.fr\/index.php\/wp-json\/wp\/v2\/pages\/13\/revisions"}],"predecessor-version":[{"id":1131,"href":"https:\/\/latelier-dumarais.fr\/index.php\/wp-json\/wp\/v2\/pages\/13\/revisions\/1131"}],"wp:attachment":[{"href":"https:\/\/latelier-dumarais.fr\/index.php\/wp-json\/wp\/v2\/media?parent=13"}],"curies":[{"name":"wp","href":"https:\/\/api.w.org\/{rel}","templated":true}]}}