{"id":336,"date":"2018-04-03T06:58:20","date_gmt":"2018-04-03T06:58:20","guid":{"rendered":"https:\/\/latelier-dumarais.fr\/?page_id=336"},"modified":"2021-05-18T09:02:39","modified_gmt":"2021-05-18T09:02:39","slug":"presentation","status":"publish","type":"page","link":"https:\/\/latelier-dumarais.fr\/index.php\/presentation\/","title":{"rendered":"L&rsquo;atelier du Marais"},"content":{"rendered":"<div id=\"pl-336\"  class=\"panel-layout\" ><div id=\"pg-336-0\"  class=\"panel-grid panel-no-style\" ><div id=\"pgc-336-0-0\"  class=\"panel-grid-cell\" ><div id=\"panel-336-0-0-0\" class=\"so-panel widget widget_sow-editor panel-first-child panel-last-child\" data-index=\"0\" ><div\n\t\t\t\n\t\t\tclass=\"so-widget-sow-editor so-widget-sow-editor-base\"\n\t\t\t\n\t\t>\n<div class=\"siteorigin-widget-tinymce textwidget\">\n\t<div id=\"metaslider-id-73\" style=\"width: 100%; margin: 0 auto;\" class=\"ml-slider-3-108-0 metaslider metaslider-flex metaslider-73 ml-slider has-dots-nav ms-theme-default\" role=\"region\" aria-label=\"New Slideshow\" data-height=\"450\" data-width=\"1200\">\n    <div id=\"metaslider_container_73\">\n        <div id=\"metaslider_73\">\n            <ul class='slides'>\n                <li style=\"display: block; width: 100%;\" class=\"slide-191 ms-image \" aria-roledescription=\"slide\" data-date=\"2018-03-12 14:59:20\" data-filename=\"l-atelie-du-marais-creation-agencement-magasin6-1200x450.jpg\" data-slide-type=\"image\"><a href=\"https:\/\/latelier-dumarais.fr\/index.php\/produit\/magasin-bureau-collectivite\/\" target=\"_self\" aria-label=\"Voir les d\u00e9tails de la diapositive\" class=\"metaslider_image_link\"><img decoding=\"async\" src=\"https:\/\/latelier-dumarais.fr\/wp-content\/uploads\/2018\/03\/l-atelie-du-marais-creation-agencement-magasin6-1200x450.jpg\" height=\"450\" width=\"1200\" alt=\"l-atelier-du-marais-creation-agencement magasin6\" class=\"slider-73 slide-191 msDefaultImage\" title=\"l-atelie-du-marais-creation-agencement-magasin6\" \/><\/a><\/li>\n                <li style=\"display: none; width: 100%;\" class=\"slide-189 ms-image \" aria-roledescription=\"slide\" data-date=\"2018-03-12 14:52:51\" data-filename=\"l-atelie-du-marais-creation-table3-1200x450.jpg\" data-slide-type=\"image\"><a href=\"https:\/\/latelier-dumarais.fr\/index.php\/produit\/table\/\" target=\"_self\" aria-label=\"Voir les d\u00e9tails de la diapositive\" class=\"metaslider_image_link\"><img loading=\"lazy\" decoding=\"async\" src=\"https:\/\/latelier-dumarais.fr\/wp-content\/uploads\/2018\/03\/l-atelie-du-marais-creation-table3-1200x450.jpg\" height=\"450\" width=\"1200\" alt=\"l-atelier-du-marais-creation-table3\" class=\"slider-73 slide-189 msDefaultImage\" title=\"Table\" \/><\/a><\/li>\n                <li style=\"display: none; width: 100%;\" class=\"slide-531 ms-image \" aria-roledescription=\"slide\" data-date=\"2018-04-11 07:47:15\" data-filename=\"parquet-1-1200x450.jpg\" data-slide-type=\"image\"><img loading=\"lazy\" decoding=\"async\" src=\"https:\/\/latelier-dumarais.fr\/wp-content\/uploads\/2018\/04\/parquet-1-1200x450.jpg\" height=\"450\" width=\"1200\" alt=\"\" class=\"slider-73 slide-531 msDefaultImage\" title=\"parquet\" \/><\/li>\n                <li style=\"display: none; width: 100%;\" class=\"slide-664 ms-image \" aria-roledescription=\"slide\" data-date=\"2018-09-13 07:01:52\" data-filename=\"OBFCRM0-1200x450.jpg\" data-slide-type=\"image\"><a href=\"&lt;a href=&#039;https:\/\/fr.freepik.com\/photos-libre\/sawdust-avec-les-journaux-de-fond_921736.htm&#039;&gt;Designed by Ilovehz&lt;\/a&gt;\" target=\"_blank\" aria-label=\"Voir les d\u00e9tails de la diapositive\" class=\"metaslider_image_link\"><img loading=\"lazy\" decoding=\"async\" src=\"https:\/\/latelier-dumarais.fr\/wp-content\/uploads\/2018\/09\/OBFCRM0-1200x450.jpg\" height=\"450\" width=\"1200\" alt=\"\" class=\"slider-73 slide-664 msDefaultImage\" title=\"OBFCRM0\" \/><\/a><\/li>\n                <li style=\"display: none; width: 100%;\" class=\"slide-77 ms-image \" aria-roledescription=\"slide\" data-date=\"2018-03-12 10:43:43\" data-filename=\"l-atelie-du-marais-creation-meubles2-960x360.jpg\" data-slide-type=\"image\"><a href=\"https:\/\/latelier-dumarais.fr\/index.php\/produit\/meuble-bas\/\" target=\"_self\" aria-label=\"Voir les d\u00e9tails de la diapositive\" class=\"metaslider_image_link\"><img loading=\"lazy\" decoding=\"async\" src=\"https:\/\/latelier-dumarais.fr\/wp-content\/uploads\/2018\/03\/l-atelie-du-marais-creation-meubles2-960x360.jpg\" height=\"450\" width=\"1200\" alt=\"l-atelier-du-marais-creation-meubles2\" class=\"slider-73 slide-77 msDefaultImage\" title=\"Meuble bas\" \/><\/a><\/li>\n                <li style=\"display: none; width: 100%;\" class=\"slide-318 ms-image \" aria-roledescription=\"slide\" data-date=\"2018-03-19 18:24:14\" data-filename=\"bois-1200x450.jpg\" data-slide-type=\"image\"><img loading=\"lazy\" decoding=\"async\" src=\"https:\/\/latelier-dumarais.fr\/wp-content\/uploads\/2018\/03\/bois-1200x450.jpg\" height=\"450\" width=\"1200\" alt=\"\" class=\"slider-73 slide-318 msDefaultImage\" title=\"bois\" \/><\/li>\n                <li style=\"display: none; width: 100%;\" class=\"slide-74 ms-image \" aria-roledescription=\"slide\" data-date=\"2018-03-12 10:42:56\" data-filename=\"l-atelier-du-marais-creation-desserte-etageres-720x270.jpg\" data-slide-type=\"image\"><a href=\"https:\/\/latelier-dumarais.fr\/index.php\/produit\/dessertes-etageres\/\" target=\"_self\" aria-label=\"Voir les d\u00e9tails de la diapositive\" class=\"metaslider_image_link\"><img loading=\"lazy\" decoding=\"async\" src=\"https:\/\/latelier-dumarais.fr\/wp-content\/uploads\/2018\/03\/l-atelier-du-marais-creation-desserte-etageres-720x270.jpg\" height=\"450\" width=\"1200\" alt=\"l-atelier-du-marais-creation-desserte-etageres\" class=\"slider-73 slide-74 msDefaultImage\" title=\"Dessertes \/ Etag\u00e8res\" \/><\/a><\/li>\n                <li style=\"display: none; width: 100%;\" class=\"slide-323 ms-image \" aria-roledescription=\"slide\" data-date=\"2018-03-19 18:36:55\" data-filename=\"plotchene1-512x192.jpg\" data-slide-type=\"image\"><img loading=\"lazy\" decoding=\"async\" src=\"https:\/\/latelier-dumarais.fr\/wp-content\/uploads\/2018\/03\/plotchene1-512x192.jpg\" height=\"450\" width=\"1200\" alt=\"\" class=\"slider-73 slide-323 msDefaultImage\" title=\"planche de bois sec\" \/><\/li>\n            <\/ul>\n        <\/div>\n        \n    <\/div>\n<\/div>\n<\/div>\n<\/div><\/div><\/div><\/div><div id=\"pg-336-1\"  class=\"panel-grid panel-no-style\" ><div id=\"pgc-336-1-0\"  class=\"panel-grid-cell\" ><div id=\"panel-336-1-0-0\" class=\"so-panel widget widget_sow-editor panel-first-child panel-last-child\" data-index=\"1\" ><div\n\t\t\t\n\t\t\tclass=\"so-widget-sow-editor so-widget-sow-editor-base\"\n\t\t\t\n\t\t>\n<div class=\"siteorigin-widget-tinymce textwidget\">\n\t<p><img decoding=\"async\" class=\"alignnone wp-image-558 alignleft\" src=\"https:\/\/latelier-dumarais.fr\/wp-content\/uploads\/2018\/04\/logo-LatelierduMarais3-1.jpg\" alt=\"\" width=\"111\" height=\"100\" \/>L'ATELIER DU MARAIS \u00a0a \u00e9t\u00e9 cr\u00e9e en 2011 , sp\u00e9cialis\u00e9 dans l'agencement int\u00e9rieur et la creation de mobilier . Particulier ou Professionnel <a href=\"https:\/\/latelier-dumarais.fr\/index.php\/contact\/\">n'h\u00e9sitez pas a me contacter.<\/a><\/p>\n<p><img fetchpriority=\"high\" fetchpriority=\"high\" decoding=\"async\" class=\"alignnone wp-image-785 size-full\" src=\"https:\/\/latelier-dumarais.fr\/wp-content\/uploads\/2020\/02\/Latelier-du-marais.jpg\" alt=\"\" width=\"720\" height=\"764\" srcset=\"https:\/\/latelier-dumarais.fr\/wp-content\/uploads\/2020\/02\/Latelier-du-marais.jpg 720w, https:\/\/latelier-dumarais.fr\/wp-content\/uploads\/2020\/02\/Latelier-du-marais-283x300.jpg 283w, https:\/\/latelier-dumarais.fr\/wp-content\/uploads\/2020\/02\/Latelier-du-marais-141x150.jpg 141w, https:\/\/latelier-dumarais.fr\/wp-content\/uploads\/2020\/02\/Latelier-du-marais-570x605.jpg 570w, https:\/\/latelier-dumarais.fr\/wp-content\/uploads\/2020\/02\/Latelier-du-marais-600x637.jpg 600w\" sizes=\"(max-width: 720px) 100vw, 720px\" \/><\/p>\n<\/div>\n<\/div><\/div><\/div><div id=\"pgc-336-1-1\"  class=\"panel-grid-cell\" ><div id=\"panel-336-1-1-0\" class=\"so-panel widget widget_sow-editor panel-first-child panel-last-child\" data-index=\"2\" ><div\n\t\t\t\n\t\t\tclass=\"so-widget-sow-editor so-widget-sow-editor-base\"\n\t\t\t\n\t\t>\n<div class=\"siteorigin-widget-tinymce textwidget\">\n\t<p><strong>L'ATELIER DU MARAIS<\/strong><br \/>\nVAUCELLE WILLY<br \/>\nLes Coudrays - 72190 Neuville sur Sarthe<br \/>\n<strong>06 87 29 08 27<br \/>\n<\/strong><br \/>\n<iframe src=\"https:\/\/www.google.com\/maps\/d\/embed?mid=1IWOLzi7EUEaCc6gVjgMJSjUmw0_Qh2dA\" width=\"640\" height=\"480\"><\/iframe><\/p>\n<p><a href=\"https:\/\/latelier-dumarais.fr\/index.php\/test-logo\/\">mentions l\u00e9gales<\/a><\/p>\n<\/div>\n<\/div><\/div><\/div><\/div><\/div>","protected":false},"excerpt":{"rendered":"<p>L&rsquo;ATELIER DU MARAIS \u00a0a \u00e9t\u00e9 cr\u00e9e en 2011 , sp\u00e9cialis\u00e9 dans l&rsquo;agencement int\u00e9rieur et la creation de mobilier . Particulier ou Professionnel n&rsquo;h\u00e9sitez pas a me contacter. L&rsquo;ATELIER DU MARAIS VAUCELLE WILLY Les Coudrays &#8211; 72190 Neuville sur Sarthe 06 87 29 08 27 mentions l\u00e9gales<\/p>\n","protected":false},"author":1,"featured_media":0,"parent":0,"menu_order":0,"comment_status":"closed","ping_status":"closed","template":"","meta":{"_exactmetrics_skip_tracking":false,"_exactmetrics_sitenote_active":false,"_exactmetrics_sitenote_note":"","_exactmetrics_sitenote_category":0,"footnotes":""},"class_list":["post-336","page","type-page","status-publish","czr-hentry"],"_links":{"self":[{"href":"https:\/\/latelier-dumarais.fr\/index.php\/wp-json\/wp\/v2\/pages\/336","targetHints":{"allow":["GET"]}}],"collection":[{"href":"https:\/\/latelier-dumarais.fr\/index.php\/wp-json\/wp\/v2\/pages"}],"about":[{"href":"https:\/\/latelier-dumarais.fr\/index.php\/wp-json\/wp\/v2\/types\/page"}],"author":[{"embeddable":true,"href":"https:\/\/latelier-dumarais.fr\/index.php\/wp-json\/wp\/v2\/users\/1"}],"replies":[{"embeddable":true,"href":"https:\/\/latelier-dumarais.fr\/index.php\/wp-json\/wp\/v2\/comments?post=336"}],"version-history":[{"count":32,"href":"https:\/\/latelier-dumarais.fr\/index.php\/wp-json\/wp\/v2\/pages\/336\/revisions"}],"predecessor-version":[{"id":1118,"href":"https:\/\/latelier-dumarais.fr\/index.php\/wp-json\/wp\/v2\/pages\/336\/revisions\/1118"}],"wp:attachment":[{"href":"https:\/\/latelier-dumarais.fr\/index.php\/wp-json\/wp\/v2\/media?parent=336"}],"curies":[{"name":"wp","href":"https:\/\/api.w.org\/{rel}","templated":true}]}}